{"id":144,"date":"2023-11-09T23:31:00","date_gmt":"2023-11-09T23:31:00","guid":{"rendered":"https:\/\/electroinyeccionmecaclima.com\/?page_id=144"},"modified":"2024-04-18T11:02:27","modified_gmt":"2024-04-18T11:02:27","slug":"accesibilidad","status":"publish","type":"page","link":"https:\/\/electroinyeccionmecaclima.com\/en\/accesibilidad\/","title":{"rendered":"Accesibilidad"},"content":{"rendered":"<div data-elementor-type=\"wp-page\" data-elementor-id=\"144\" class=\"elementor elementor-144\" data-elementor-post-type=\"page\">\n\t\t\t\t<div class=\"elementor-element elementor-element-5b30426 e-flex e-con-boxed e-con e-parent\" data-id=\"5b30426\" data-element_type=\"container\">\n\t\t\t\t\t<div class=\"e-con-inner\">\n\t\t\t\t<div class=\"elementor-element elementor-element-1aa642d elementor-widget elementor-widget-heading\" data-id=\"1aa642d\" data-element_type=\"widget\" data-widget_type=\"heading.default\">\n\t\t\t\t<div class=\"elementor-widget-container\">\n\t\t\t\t\t<h2 class=\"elementor-heading-title elementor-size-default\">Accesibilidad<\/h2>\t\t\t\t<\/div>\n\t\t\t\t<\/div>\n\t\t\t\t<div class=\"elementor-element elementor-element-a736457 elementor-widget elementor-widget-text-editor\" data-id=\"a736457\" data-element_type=\"widget\" data-widget_type=\"text-editor.default\">\n\t\t\t\t<div class=\"elementor-widget-container\">\n\t\t\t\t\t\t\t\t\t<p><span style=\"color: #000000;\">ACCESIBILIDAD WEB<\/span><br \/><span style=\"color: #000000;\">Actualizado 15\/03\/2023<\/span><\/p><p><span style=\"color: #000000;\">ELECTROINYECCION MECACLIMA, S.L. se compromete en hacer accesible su sitio web de conformidad con el\u00a0Real Decreto 1112\/2018, sobre accesibilidad de los sitios webs y aplicaciones para dispositivos m\u00f3viles del sector p\u00fablico.<\/span><br \/><span style=\"color: #000000;\">La presente declaraci\u00f3n de accesibilidad se aplica al sitio web electroinyeccionmecaclima.com<\/span><br \/><span style=\"color: #000000;\">SITUACI\u00d3N DE CUMPLIMIENTO<\/span><br \/><span style=\"color: #000000;\">Este sitio web es parcialmente conforme con el\u00a0RD 1112\/2018\u00a0debido a la falta de conformidad de los aspectos que se indican a continuaci\u00f3n.<\/span><br \/><span style=\"color: #000000;\">Contenido no accesible<\/span><br \/><span style=\"color: #000000;\">El contenido que se recoge a continuaci\u00f3n no es accesible por lo siguiente:<\/span><br \/><span style=\"color: #000000;\">Falta de conformidad con el RD 1112\/2018<\/span><br \/><span style=\"color: #000000;\">Se pueden encontrar im\u00e1genes sin que acompa\u00f1e texto explicativo.<\/span><br \/><span style=\"color: #000000;\">Se puede encontrar a\u00fan anidamientos incorrectos de etiquetas.<\/span><br \/><span style=\"color: #000000;\">Podr\u00edan existir fallos de edici\u00f3n en la p\u00e1gina web.<\/span><br \/><span style=\"color: #000000;\">Carga desproporcionada<\/span><br \/><span style=\"color: #000000;\">No aplica.<\/span><br \/><span style=\"color: #000000;\">El contenido no entra dentro del \u00e1mbito de la legislaci\u00f3n aplicable.<\/span><br \/><span style=\"color: #000000;\">Existen archivos ofim\u00e1ticos en PDF que no cumplan en su totalidad todos los requisitos de accesibilidad.<\/span><br \/><span style=\"color: #000000;\">La presente declaraci\u00f3n fue preparada el 15 de enero de 2023.<\/span><br \/><span style=\"color: #000000;\">El m\u00e9todo empleado para preparar la declaraci\u00f3n ha sido una autoevaluaci\u00f3n llevada a cabo por el equipo de accesibilidad.<\/span><br \/><span style=\"color: #000000;\">\u00daltima revisi\u00f3n de la declaraci\u00f3n: 12 de enero de 2023.<\/span><br \/><span style=\"color: #000000;\">Observaciones y datos de contacto<\/span><br \/><span style=\"color: #000000;\">Puede realizar comunicaciones sobre requisitos de accesibilidad (art\u00edculo 10.2.a) del RD 1112\/2018) como por ejemplo:<\/span><br \/><span style=\"color: #000000;\">Informar sobre cualquier posible incumplimiento por parte de este sitio web.<\/span><br \/><span style=\"color: #000000;\">Transmitir otras dificultades de acceso al contenido.<\/span><br \/><span style=\"color: #000000;\">Formular cualquier otra consulta o sugerencia de mejora relativa a la accesibilidad del sitio web.<\/span><br \/><span style=\"color: #000000;\">A trav\u00e9s de nuestro buz\u00f3n de sugerencias t.mecaclima@gmail.com, o de manera presencial en nuestra sede: VALLADOLID.<\/span><br \/><span style=\"color: #000000;\">Las comunicaciones ser\u00e1n recibidas y tratadas por el equipo de Accesibilidad.<\/span><\/p>\t\t\t\t\t\t\t\t<\/div>\n\t\t\t\t<\/div>\n\t\t\t\t\t<\/div>\n\t\t\t\t<\/div>\n\t\t\t\t<\/div>","protected":false},"excerpt":{"rendered":"<p>Accesibilidad ACCESIBILIDAD WEBActualizado 15\/03\/2023 ELECTROINYECCION MECACLIMA, S.L. se compromete en hacer accesible su sitio web de conformidad con el\u00a0Real Decreto 1112\/2018, sobre accesibilidad de los sitios webs y aplicaciones para dispositivos m\u00f3viles del sector p\u00fablico.La presente declaraci\u00f3n de accesibilidad se aplica al sitio web electroinyeccionmecaclima.comSITUACI\u00d3N DE CUMPLIMIENTOEste sitio web es parcialmente conforme con el\u00a0RD 1112\/2018\u00a0debido [&hellip;]<\/p>","protected":false},"author":1,"featured_media":0,"parent":0,"menu_order":0,"comment_status":"closed","ping_status":"closed","template":"","meta":{"_joinchat":[],"footnotes":""},"class_list":["post-144","page","type-page","status-publish","hentry"],"yoast_head":"<!-- This site is optimized with the Yoast SEO plugin v23.4 - https:\/\/yoast.com\/wordpress\/plugins\/seo\/ -->\n<title>Accesibilidad - Electroinyecci\u00f3n Mecaclima<\/title>\n<meta name=\"robots\" content=\"index, follow, max-snippet:-1, max-image-preview:large, max-video-preview:-1\" \/>\n<link rel=\"canonical\" href=\"https:\/\/electroinyeccionmecaclima.com\/en\/accesibilidad\/\" \/>\n<meta property=\"og:locale\" content=\"en_GB\" \/>\n<meta property=\"og:type\" content=\"article\" \/>\n<meta property=\"og:title\" content=\"Accesibilidad - Electroinyecci\u00f3n Mecaclima\" \/>\n<meta property=\"og:description\" content=\"Accesibilidad ACCESIBILIDAD WEBActualizado 15\/03\/2023 ELECTROINYECCION MECACLIMA, S.L. se compromete en hacer accesible su sitio web de conformidad con el\u00a0Real Decreto 1112\/2018, sobre accesibilidad de los sitios webs y aplicaciones para dispositivos m\u00f3viles del sector p\u00fablico.La presente declaraci\u00f3n de accesibilidad se aplica al sitio web electroinyeccionmecaclima.comSITUACI\u00d3N DE CUMPLIMIENTOEste sitio web es parcialmente conforme con el\u00a0RD 1112\/2018\u00a0debido [&hellip;]\" \/>\n<meta property=\"og:url\" content=\"https:\/\/electroinyeccionmecaclima.com\/en\/accesibilidad\/\" \/>\n<meta property=\"og:site_name\" content=\"Electroinyecci\u00f3n Mecaclima\" \/>\n<meta property=\"article:modified_time\" content=\"2024-04-18T11:02:27+00:00\" \/>\n<meta name=\"twitter:card\" content=\"summary_large_image\" \/>\n<meta name=\"twitter:label1\" content=\"Estimated reading time\" \/>\n\t<meta name=\"twitter:data1\" content=\"1 minute\" \/>\n<script type=\"application\/ld+json\" class=\"yoast-schema-graph\">{\"@context\":\"https:\/\/schema.org\",\"@graph\":[{\"@type\":\"WebPage\",\"@id\":\"https:\/\/electroinyeccionmecaclima.com\/accesibilidad\/\",\"url\":\"https:\/\/electroinyeccionmecaclima.com\/accesibilidad\/\",\"name\":\"Accesibilidad - Electroinyecci\u00f3n Mecaclima\",\"isPartOf\":{\"@id\":\"https:\/\/electroinyeccionmecaclima.com\/#website\"},\"datePublished\":\"2023-11-09T23:31:00+00:00\",\"dateModified\":\"2024-04-18T11:02:27+00:00\",\"breadcrumb\":{\"@id\":\"https:\/\/electroinyeccionmecaclima.com\/accesibilidad\/#breadcrumb\"},\"inLanguage\":\"en-GB\",\"potentialAction\":[{\"@type\":\"ReadAction\",\"target\":[\"https:\/\/electroinyeccionmecaclima.com\/accesibilidad\/\"]}]},{\"@type\":\"BreadcrumbList\",\"@id\":\"https:\/\/electroinyeccionmecaclima.com\/accesibilidad\/#breadcrumb\",\"itemListElement\":[{\"@type\":\"ListItem\",\"position\":1,\"name\":\"Portada\",\"item\":\"https:\/\/electroinyeccionmecaclima.com\/\"},{\"@type\":\"ListItem\",\"position\":2,\"name\":\"Accesibilidad\"}]},{\"@type\":\"WebSite\",\"@id\":\"https:\/\/electroinyeccionmecaclima.com\/#website\",\"url\":\"https:\/\/electroinyeccionmecaclima.com\/\",\"name\":\"Electroinyecci\u00f3n Mecaclima\",\"description\":\"Reparaci\u00f3n veh\u00edculos autom\u00f3viles, bicicletas y otros veh\u00edculos\",\"publisher\":{\"@id\":\"https:\/\/electroinyeccionmecaclima.com\/#organization\"},\"potentialAction\":[{\"@type\":\"SearchAction\",\"target\":{\"@type\":\"EntryPoint\",\"urlTemplate\":\"https:\/\/electroinyeccionmecaclima.com\/?s={search_term_string}\"},\"query-input\":{\"@type\":\"PropertyValueSpecification\",\"valueRequired\":true,\"valueName\":\"search_term_string\"}}],\"inLanguage\":\"en-GB\"},{\"@type\":\"Organization\",\"@id\":\"https:\/\/electroinyeccionmecaclima.com\/#organization\",\"name\":\"Electroinyecci\u00f3n Mecaclima\",\"url\":\"https:\/\/electroinyeccionmecaclima.com\/\",\"logo\":{\"@type\":\"ImageObject\",\"inLanguage\":\"en-GB\",\"@id\":\"https:\/\/electroinyeccionmecaclima.com\/#\/schema\/logo\/image\/\",\"url\":\"https:\/\/electroinyeccionmecaclima.com\/wp-content\/uploads\/2023\/11\/Nuevo-logo.png\",\"contentUrl\":\"https:\/\/electroinyeccionmecaclima.com\/wp-content\/uploads\/2023\/11\/Nuevo-logo.png\",\"width\":1332,\"height\":725,\"caption\":\"Electroinyecci\u00f3n Mecaclima\"},\"image\":{\"@id\":\"https:\/\/electroinyeccionmecaclima.com\/#\/schema\/logo\/image\/\"}}]}<\/script>\n<!-- \/ Yoast SEO plugin. -->","yoast_head_json":{"title":"Accesibilidad - Electroinyecci\u00f3n Mecaclima","robots":{"index":"index","follow":"follow","max-snippet":"max-snippet:-1","max-image-preview":"max-image-preview:large","max-video-preview":"max-video-preview:-1"},"canonical":"https:\/\/electroinyeccionmecaclima.com\/en\/accesibilidad\/","og_locale":"en_GB","og_type":"article","og_title":"Accesibilidad - Electroinyecci\u00f3n Mecaclima","og_description":"Accesibilidad ACCESIBILIDAD WEBActualizado 15\/03\/2023 ELECTROINYECCION MECACLIMA, S.L. se compromete en hacer accesible su sitio web de conformidad con el\u00a0Real Decreto 1112\/2018, sobre accesibilidad de los sitios webs y aplicaciones para dispositivos m\u00f3viles del sector p\u00fablico.La presente declaraci\u00f3n de accesibilidad se aplica al sitio web electroinyeccionmecaclima.comSITUACI\u00d3N DE CUMPLIMIENTOEste sitio web es parcialmente conforme con el\u00a0RD 1112\/2018\u00a0debido [&hellip;]","og_url":"https:\/\/electroinyeccionmecaclima.com\/en\/accesibilidad\/","og_site_name":"Electroinyecci\u00f3n Mecaclima","article_modified_time":"2024-04-18T11:02:27+00:00","twitter_card":"summary_large_image","twitter_misc":{"Estimated reading time":"1 minute"},"schema":{"@context":"https:\/\/schema.org","@graph":[{"@type":"WebPage","@id":"https:\/\/electroinyeccionmecaclima.com\/accesibilidad\/","url":"https:\/\/electroinyeccionmecaclima.com\/accesibilidad\/","name":"Accesibilidad - Electroinyecci\u00f3n Mecaclima","isPartOf":{"@id":"https:\/\/electroinyeccionmecaclima.com\/#website"},"datePublished":"2023-11-09T23:31:00+00:00","dateModified":"2024-04-18T11:02:27+00:00","breadcrumb":{"@id":"https:\/\/electroinyeccionmecaclima.com\/accesibilidad\/#breadcrumb"},"inLanguage":"en-GB","potentialAction":[{"@type":"ReadAction","target":["https:\/\/electroinyeccionmecaclima.com\/accesibilidad\/"]}]},{"@type":"BreadcrumbList","@id":"https:\/\/electroinyeccionmecaclima.com\/accesibilidad\/#breadcrumb","itemListElement":[{"@type":"ListItem","position":1,"name":"Portada","item":"https:\/\/electroinyeccionmecaclima.com\/"},{"@type":"ListItem","position":2,"name":"Accesibilidad"}]},{"@type":"WebSite","@id":"https:\/\/electroinyeccionmecaclima.com\/#website","url":"https:\/\/electroinyeccionmecaclima.com\/","name":"Mecaclima electroinjection","description":"Reparaci\u00f3n veh\u00edculos autom\u00f3viles, bicicletas y otros veh\u00edculos","publisher":{"@id":"https:\/\/electroinyeccionmecaclima.com\/#organization"},"potentialAction":[{"@type":"SearchAction","target":{"@type":"EntryPoint","urlTemplate":"https:\/\/electroinyeccionmecaclima.com\/?s={search_term_string}"},"query-input":{"@type":"PropertyValueSpecification","valueRequired":true,"valueName":"search_term_string"}}],"inLanguage":"en-GB"},{"@type":"Organization","@id":"https:\/\/electroinyeccionmecaclima.com\/#organization","name":"Mecaclima electroinjection","url":"https:\/\/electroinyeccionmecaclima.com\/","logo":{"@type":"ImageObject","inLanguage":"en-GB","@id":"https:\/\/electroinyeccionmecaclima.com\/#\/schema\/logo\/image\/","url":"https:\/\/electroinyeccionmecaclima.com\/wp-content\/uploads\/2023\/11\/Nuevo-logo.png","contentUrl":"https:\/\/electroinyeccionmecaclima.com\/wp-content\/uploads\/2023\/11\/Nuevo-logo.png","width":1332,"height":725,"caption":"Electroinyecci\u00f3n Mecaclima"},"image":{"@id":"https:\/\/electroinyeccionmecaclima.com\/#\/schema\/logo\/image\/"}}]}},"_links":{"self":[{"href":"https:\/\/electroinyeccionmecaclima.com\/en\/wp-json\/wp\/v2\/pages\/144"}],"collection":[{"href":"https:\/\/electroinyeccionmecaclima.com\/en\/wp-json\/wp\/v2\/pages"}],"about":[{"href":"https:\/\/electroinyeccionmecaclima.com\/en\/wp-json\/wp\/v2\/types\/page"}],"author":[{"embeddable":true,"href":"https:\/\/electroinyeccionmecaclima.com\/en\/wp-json\/wp\/v2\/users\/1"}],"replies":[{"embeddable":true,"href":"https:\/\/electroinyeccionmecaclima.com\/en\/wp-json\/wp\/v2\/comments?post=144"}],"version-history":[{"count":7,"href":"https:\/\/electroinyeccionmecaclima.com\/en\/wp-json\/wp\/v2\/pages\/144\/revisions"}],"predecessor-version":[{"id":253,"href":"https:\/\/electroinyeccionmecaclima.com\/en\/wp-json\/wp\/v2\/pages\/144\/revisions\/253"}],"wp:attachment":[{"href":"https:\/\/electroinyeccionmecaclima.com\/en\/wp-json\/wp\/v2\/media?parent=144"}],"curies":[{"name":"wp","href":"https:\/\/api.w.org\/{rel}","templated":true}]}}